{"id":11,"date":"2023-04-11T11:01:54","date_gmt":"2023-04-11T11:01:54","guid":{"rendered":"http:\/\/193.194.89.175\/wp_leq\/?page_id=11"},"modified":"2023-07-09T17:37:19","modified_gmt":"2023-07-09T17:37:19","slug":"presentation","status":"publish","type":"page","link":"https:\/\/leq.usthb.dz\/index.php\/presentation\/","title":{"rendered":"Pr\u00e9sentation"},"content":{"rendered":"\n<p>Le laboratoire d\u2019Electronique Quantique (LEQ) de la facult\u00e9 de Physique de l\u2019USTHB a \u00e9t\u00e9 agr\u00e9\u00e9 en juillet 2000 avec l\u2019objectif principal de mettre en place un espace capable de participer d\u2019une mani\u00e8re efficace au d\u00e9veloppement de la recherche et de son application dans le domaine de l\u2019interaction laser mati\u00e8re.<\/p>\n\n\n\n<p>Cette interaction comporte plusieurs aspects. Elle d\u00e9bute par la compr\u00e9hension des interactions au niveau microscopique (atomique et mol\u00e9culaire) du rayonnement \u00e9lectromagn\u00e9tique avec la mati\u00e8re. Cette partie qui rel\u00e8ve de la spectroscopie a \u00e9galement des prolongements au niveau macroscopique tels que les quasars et la turbulence atmosph\u00e9rique.<\/p>\n\n\n\n<p>Le second aspect concerne l\u2019effet laser qui r\u00e9sulte de l\u2019interaction rayonnement mati\u00e8re au niveau quantique. Le laser a connu ces derni\u00e8res d\u00e9cennies un d\u00e9veloppement consid\u00e9rable aussi bien dans le domaine de la recherche fondamentale qu\u2019appliqu\u00e9e. L\u2019un des objectifs de ce laboratoire est l\u2019\u00e9tude de ces lasers afin de mieux comprendre les ph\u00e9nom\u00e8nes physiques qui les caract\u00e9risent, de ma\u00eetriser davantage leur d\u00e9veloppement et leur technologie et enfin d\u2019entreprendre diverses applications d\u2019int\u00e9r\u00eats scientifiques importants en m\u00e9decine, en t\u00e9l\u00e9communications, dans l\u2019industrie, l\u2019environnement, etc.\u2026<\/p>\n\n\n\n<p>Le troisi\u00e8me aspect a trait \u00e0 l\u2019\u00e9tude des plasmas. Ces milieux ionis\u00e9s pr\u00e9sentent \u00e9galement un int\u00e9r\u00eat consid\u00e9rable aussi bien dans le domaine de l\u2019industrie (d\u00e9p\u00f4t, gravure, etc.) que dans le domaine \u00e9nerg\u00e9tique (fusion thermonucl\u00e9aire par laser). Dans les deux cas, l\u2019\u00e9tude de la physique des plasmas froids ou chauds est incontournable pour mieux comprendre les diff\u00e9rents m\u00e9canismes physiques tr\u00e8s complexes qui se produisent dans tout r\u00e9acteur \u00e0 plasma.<\/p>\n\n\n\n<p>Le laboratoire d\u2019Electronique Quantique LEQ compte quatre \u00e9quipes de recherche dont les axes d\u00e9velopp\u00e9s concernent essentiellement la dynamique spatio-temporelle dans les lasers \u00e0 gaz, les lasers solides et leurs applications dans le domaine des caract\u00e9risations spectroscopiques, la physique des milieux ionis\u00e9s et les ph\u00e9nom\u00e8nes de transport dans les gaz, les plasmas et les semi-conducteurs et enfin la spectroscopie atomique et mol\u00e9culaire. Le potentiel humain est compos\u00e9 de 31 membres permanents dont 06 professeurs, 05 ma\u00eetres de conf\u00e9rences, 06 charg\u00e9s de cours, 11 ma\u00eetres assistants et une doctorante. Plusieurs \u00e9tudiants sont inscrits en premi\u00e8re post-graduation et pr\u00e9parent leur m\u00e9moire de Magist\u00e8re au sein du laboratoire. D\u2019autre part, il est \u00e0 noter qu\u2019hormis les membres de rang magistral, tous les autres \u00e9l\u00e9ments du laboratoire pr\u00e9parent une th\u00e8se de Doctorat.<\/p>\n\n\n\n<p>Au plan de la formation p\u00e9dagogique et doctorale, le LEQ est affili\u00e9 \u00e0 la post-graduation d\u2019Electronique Quantique de la facult\u00e9 de physique de l\u2019USTHB et a con\u00e7u puis \u00e9labor\u00e9 le programme d\u2019enseignement relatif au MASTER intitul\u00e9 \u2018Atome, laser et photonique\u2019 qui d\u00e9marrera en septembre 2009.<\/p>\n\n\n\n<p>Des liens de collaboration et de coop\u00e9ration existent entre notre laboratoire et d\u2019autres structures universitaires et de recherche aussi bien en Alg\u00e9rie qu\u2019\u00e0 l\u2019\u00e9tranger, ce qui a permis de d\u00e9velopper et d\u2019enrichir nos activit\u00e9s de recherche. La coop\u00e9ration internationale s\u2019exprime particuli\u00e8rement par des co-directions de th\u00e8se de deuxi\u00e8me post-graduation pour certains doctorants du LEQ sur des sujets communs ou compl\u00e9mentaires traitant aussi bien de l\u2019aspect th\u00e9orique qu\u2019exp\u00e9rimental.<\/p>\n\n\n\n<p>Au plan national, une convention de collaboration existe entre notre structure et le Centre de D\u00e9veloppement des Technologies Avanc\u00e9es (CDTA) de Baba Hassen (Alger). Dans le cadre de cette convention, un laser solide de type N\u00e9odyme YAG, fonctionnant en r\u00e9gime d\u00e9clench\u00e9 par cellule de Pockels, a \u00e9t\u00e9 con\u00e7u puis livr\u00e9 \u00e0 notre laboratoire en mars 2005 par le CDTA avec un financement de l\u2019Agence Nationale pour le D\u00e9veloppement de la recherche universitaire (A.N.D.R.U). Au plan des \u00e9changes scientifiques, plusieurs membres du CDTA sont suivis pour leur formation doctorale par des encadreurs du LEQ et deux travaux exp\u00e9rimentaux ont \u00e9t\u00e9 aussi men\u00e9s au CDTA par deux doctorants du laboratoire pour des m\u00e9moires de Magist\u00e8re soutenus en 2004 et 2005.<\/p>\n","protected":false},"excerpt":{"rendered":"<p>Le laboratoire d\u2019Electronique Quantique (LEQ) de la facult\u00e9 de Physique de l\u2019USTHB a \u00e9t\u00e9 agr\u00e9\u00e9 en juillet 2000 avec l\u2019objectif principal de mettre en place un espace capable de participer d\u2019une mani\u00e8re efficace au d\u00e9veloppement de la recherche et de <span class=\"readmore\"><a href=\"https:\/\/leq.usthb.dz\/index.php\/presentation\/\">Continue Reading<\/a><\/span><\/p>\n","protected":false},"author":1,"featured_media":0,"parent":0,"menu_order":0,"comment_status":"closed","ping_status":"closed","template":"","meta":[],"_links":{"self":[{"href":"https:\/\/leq.usthb.dz\/index.php\/wp-json\/wp\/v2\/pages\/11"}],"collection":[{"href":"https:\/\/leq.usthb.dz\/index.php\/wp-json\/wp\/v2\/pages"}],"about":[{"href":"https:\/\/leq.usthb.dz\/index.php\/wp-json\/wp\/v2\/types\/page"}],"author":[{"embeddable":true,"href":"https:\/\/leq.usthb.dz\/index.php\/wp-json\/wp\/v2\/users\/1"}],"replies":[{"embeddable":true,"href":"https:\/\/leq.usthb.dz\/index.php\/wp-json\/wp\/v2\/comments?post=11"}],"version-history":[{"count":2,"href":"https:\/\/leq.usthb.dz\/index.php\/wp-json\/wp\/v2\/pages\/11\/revisions"}],"predecessor-version":[{"id":58,"href":"https:\/\/leq.usthb.dz\/index.php\/wp-json\/wp\/v2\/pages\/11\/revisions\/58"}],"wp:attachment":[{"href":"https:\/\/leq.usthb.dz\/index.php\/wp-json\/wp\/v2\/media?parent=11"}],"curies":[{"name":"wp","href":"https:\/\/api.w.org\/{rel}","templated":true}]}}