{"id":15,"date":"2023-04-11T11:04:26","date_gmt":"2023-04-11T11:04:26","guid":{"rendered":"http:\/\/193.194.89.175\/wp_leq\/?page_id=15"},"modified":"2023-07-09T17:39:35","modified_gmt":"2023-07-09T17:39:35","slug":"mots-cles","status":"publish","type":"page","link":"https:\/\/leq.usthb.dz\/index.php\/mots-cles\/","title":{"rendered":"Mots Cl\u00e9s"},"content":{"rendered":"\n<p><img decoding=\"async\" loading=\"lazy\" alt=\"-\" height=\"11\" src=\"http:\/\/193.194.89.179\/leq\/local\/cache-vignettes\/L8xH11\/puce-32883.gif?1557149978\" width=\"8\">&nbsp;Spectroscopie atomique et mol\u00e9culaire, astrophysique, physique des collisions, calcul ab initio, structure hyperfines, d\u00e9placement isotopique, VLBI, quasars, LGS, laser, \u00e9toile, polarisation, Dusty plasma, atomes froids et miroirs atomiques .<\/p>\n\n\n\n<p><img decoding=\"async\" loading=\"lazy\" alt=\"-\" height=\"11\" src=\"http:\/\/193.194.89.179\/leq\/local\/cache-vignettes\/L8xH11\/puce-32883.gif?1557149978\" width=\"8\">&nbsp;Plasmas astrophysiques, probabilit\u00e9s de transition, effet Stark, d\u00e9convolution des raies atomiques, plasma poussi\u00e9reux, gaines \u00e9lectrostatiques, plasmas froids, plasmas chauds, transport, corr\u00e9lations, ondes, instabilit\u00e9s, semi-conducteurs, th\u00e9orie cin\u00e9tique, d\u00e9p\u00f4t par laser.<\/p>\n\n\n\n<p><img decoding=\"async\" loading=\"lazy\" alt=\"-\" height=\"11\" src=\"http:\/\/193.194.89.179\/leq\/local\/cache-vignettes\/L8xH11\/puce-32883.gif?1557149978\" width=\"8\">&nbsp;Optique diffractive, \u00e9lectromagn\u00e9tisme des cavit\u00e9s lasers, holographie, dynamique de fonctionnements des diff\u00e9rents types de lasers, instabilit\u00e9s non lin\u00e9aires, \u00e9tude et contr\u00f4le du chaos dans les lasers.<br><img decoding=\"async\" loading=\"lazy\" alt=\"-\" height=\"11\" src=\"http:\/\/193.194.89.179\/leq\/local\/cache-vignettes\/L8xH11\/puce-32883.gif?1557149978\" width=\"8\">&nbsp;Lasers solides, impulsions ultra courtes, caract\u00e9risation spectroscopique, processus non lin\u00e9aires photo induits, super continuum, onde acoustique HF, photochromisme, Raman, photonique et nano objets, effets thermiques, mod\u00e9lisation analytique et dynamique des lasers puls\u00e9s.<\/p>\n","protected":false},"excerpt":{"rendered":"<p>&nbsp;Spectroscopie atomique et mol\u00e9culaire, astrophysique, physique des collisions, calcul ab initio, structure hyperfines, d\u00e9placement isotopique, VLBI, quasars, LGS, laser, \u00e9toile, polarisation, Dusty plasma, atomes froids et miroirs atomiques . &nbsp;Plasmas astrophysiques, probabilit\u00e9s de transition, effet Stark, d\u00e9convolution des raies atomiques, <span class=\"readmore\"><a href=\"https:\/\/leq.usthb.dz\/index.php\/mots-cles\/\">Continue Reading<\/a><\/span><\/p>\n","protected":false},"author":1,"featured_media":0,"parent":0,"menu_order":0,"comment_status":"closed","ping_status":"closed","template":"","meta":[],"_links":{"self":[{"href":"https:\/\/leq.usthb.dz\/index.php\/wp-json\/wp\/v2\/pages\/15"}],"collection":[{"href":"https:\/\/leq.usthb.dz\/index.php\/wp-json\/wp\/v2\/pages"}],"about":[{"href":"https:\/\/leq.usthb.dz\/index.php\/wp-json\/wp\/v2\/types\/page"}],"author":[{"embeddable":true,"href":"https:\/\/leq.usthb.dz\/index.php\/wp-json\/wp\/v2\/users\/1"}],"replies":[{"embeddable":true,"href":"https:\/\/leq.usthb.dz\/index.php\/wp-json\/wp\/v2\/comments?post=15"}],"version-history":[{"count":2,"href":"https:\/\/leq.usthb.dz\/index.php\/wp-json\/wp\/v2\/pages\/15\/revisions"}],"predecessor-version":[{"id":59,"href":"https:\/\/leq.usthb.dz\/index.php\/wp-json\/wp\/v2\/pages\/15\/revisions\/59"}],"wp:attachment":[{"href":"https:\/\/leq.usthb.dz\/index.php\/wp-json\/wp\/v2\/media?parent=15"}],"curies":[{"name":"wp","href":"https:\/\/api.w.org\/{rel}","templated":true}]}}